{"id":15,"date":"2008-02-07T20:19:54","date_gmt":"2008-02-08T04:19:54","guid":{"rendered":"http:\/\/www.es.sahajayoga.com.au\/book_one\/capitulo-5-los-chakras\/swadishtan-chakra\/"},"modified":"2008-02-07T20:19:54","modified_gmt":"2008-02-08T04:19:54","slug":"swadishtan-chakra","status":"publish","type":"page","link":"https:\/\/www.sahajayoga.com.au\/esbookone\/capitulo-5-los-chakras\/swadishtan-chakra\/","title":{"rendered":"Swadishtan Chakra"},"content":{"rendered":"<p><img decoding=\"async\" class=\"noborder\" src=\"http:\/\/www.sahajayoga.com.au\/esbookone\/wp-content\/uploads\/sites\/7\/2008\/02\/swadisthana.jpg\" alt=\"Swadisthan chakra\" \/><\/p>\n<p><em>Cualidades<\/em>: creatividad, inspiraci\u00f3n, est\u00e9tica, percepci\u00f3n intelectual.<br \/>\n<em>Localizaci\u00f3n corporal<\/em>: plexo a\u00f3rtico.<br \/>\n<em>Localizaci\u00f3n en la mano<\/em>: pulgar.<br \/>\n<em>Manifestaciones: <\/em>h\u00edgado, ri\u00f1\u00f3n, bazo, p\u00e1ncreas, \u00fatero.<br \/>\n<em>Causas de bloqueo:<\/em> pensar o planear demasiado, demasiada implicaci\u00f3n en el arte, hacer dinero de tus talentos, el alcohol, las drogas, los malos h\u00e1bitos alimenticios, los falsos gurus artificiales u ordinarios, la obediencia extrema, ideas pol\u00edticas extremas, dominaci\u00f3n o esclavitud, orientaci\u00f3n egoc\u00e9ntrica de la vida, espiritismo, magia negra.<br \/>\n<em>N\u00famero de p\u00e9talos:<\/em> seis.<br \/>\n<em>Elemento<\/em>: fuego.<\/p>\n<p>El Swadisthan Chakra est\u00e1 suspendido como un sat\u00e9lite de una cuerda del Nabhi chakra (3) y se mueve alrededor del Vac\u00edo (IV) dando el sustento (Dharma) a las \u00e1reas d\u00e9biles de sus diez p\u00e9talos, que representan los diez mandamientos. Cuando la Kundalini comienza a subir, primero pasa por el Nabhi chakra, luego va a lo largo de la cuerda para iluminar el Swadisthan, y m\u00e1s tarde vuelve al Nabhi.<\/p>\n<p>Aqu\u00ed se genera la energ\u00eda de nuestra creatividad. El impulso de ser \u00fanicos para competir o de ser reconocidos por nuestras habilidades intelectuales y creativas proviene del ego, que tiene una relaci\u00f3n directa a trav\u00e9s del Pingala Nadi con el Swadisthan derecho. La funci\u00f3n m\u00e1s importante de este centro es la de ser el responsable de descomponer las part\u00edculas grasas en el abdomen para sustituir las c\u00e9lulas grises y blancas del cerebro, generando la energ\u00eda que alimenta nuestro pensamiento. Pero pensar demasiado drena el canal central, ya que el lado derecho Pingala Nadi se agota. El ego se hincha m\u00e1s y envuelve al cerebro, empujando al superego al m\u00ednimo y da\u00f1ando severamente la conexi\u00f3n con el canal central que es gobernada por el Esp\u00edritu, la verdadera fuente creativa. En lugar de ser una esponja, el cerebro se vuelve como una roca, perdiendo todo poder de absorci\u00f3n. El esfuerzo extremo para crear mata toda la espontaneidad, debido a lo cual la mayor parte del arte moderno, ya sea teatro, m\u00fasica o pintura, se vuelve grosero y desprovisto de las cualidades de dar gozo. Esto se debe a las demandas de consentimiento del ego<strong>, <\/strong>que las disfruta como si fuera felicidad, estableciendo un inquebrantable c\u00edrculo vicioso.<\/p>\n<p>Cuando el Pingala Nadi trata de recargarse desde el centro, se crea un desequilibrio. El problema a menudo se manifiesta con un Nabhi izquierdo helado, y puede incluso extenderse a todo el lado izquierdo. En esos casos, se desarrollan enfermedades como la diabetes. Cuando el ego alcanza el \u00f3rgano del coraz\u00f3n, que es donde se aloja el Esp\u00edritu, uno contrae una cardiopat\u00eda; cuando dicha persona descuida el Esp\u00edritu y va tras otras cosas, pueden producirse infartos. El Swadisthan Chakra junto con el Nabhi Chakra, tambi\u00e9n cuida el h\u00edgado. Cuando este centro est\u00e1 ocupado con el proceso de pensamiento, los otros \u00f3rganos a los que debe atender son descuidados y el h\u00edgado, que tiene que trabajar duro produciendo c\u00e9lulas de grasa para el cerebro, sufre. Los problemas aqu\u00ed se indican a trav\u00e9s de un hormigueo en el pulgar y en el dedo medio de la mano derecha, o a trav\u00e9s de pinchazos en las manos. Este \u00f3rgano es particularmente importante ya que es el asiento de nuestra atenci\u00f3n (chitta). La atenci\u00f3n no deber\u00eda ser confundida con el pensamiento, que viene del ego o del superego, es pura concentraci\u00f3n menos pensamiento, que es actividad mental. El h\u00edgado sostiene nuestra atenci\u00f3n y la purifica filtrando todo tipo de inmundicias y venenos. Antes de la Realizaci\u00f3n, nuestra atenci\u00f3n est\u00e1 siempre corriendo detr\u00e1s de cosas externas, siendo dispersada por las ondas de pensamiento y sinti\u00e9ndose disipada por ojos descontrolados. No podemos llevar concientemente la atenci\u00f3n dentro de nuestro ser. Algo tiene que suceder aqu\u00ed. El despertar repentino de la Kundalini la tira hacia adentro y luego la une al Esp\u00edritu. All\u00ed es donde debe descansar, disfrutando del Esp\u00edritu, pura y tranquila en conciencia sin pensamientos. El gozo del coraz\u00f3n, donde reside el Esp\u00edritu, alimenta el h\u00edgado y ayuda a mantener la atenci\u00f3n. As\u00ed la chitta (atenci\u00f3n) se ilumina con el gozo espiritual, ananda.<\/p>\n<p>Todo lo que tenga que ver con el espiritismo, la magia negra, molestar o depender de los muertos, usar gu\u00edas, el ocultismo, o estar implicado con la clarividencia o la percepci\u00f3n extrasensorial produce que el Swadisthan se bloquee gravemente. La raz\u00f3n de esto es que nos volvemos dependientes de entidades externas que chupan nuestras energ\u00edas y las reducen. La cualidad del Swadisthan es el conocimiento puro (Nirmala Vidya),  el conocimiento de las cosas como son en el sentido absoluto. Este conocimiento necesita ser experimentado por nosotros directamente, y no por un agente externo.<\/p>\n<p>La clave para la verdadera creatividad est\u00e1 en alcanzar el estado de conciencia sin pensamientos (nirvichar samadhi). Como un lago, quieto y silencioso, toda la belleza de la creaci\u00f3n que est\u00e1 alrededor tuyo se refleja hacia adentro. Te conviertes en la flauta, un canal sin ego para la m\u00fasica divina de las vibraciones. Eres, en las palabras de un poeta, &#8220;un coraz\u00f3n que mira y recibe&#8221;.<\/p>\n<p>Debido a la conexi\u00f3n con el ego, que se lleva completamente la atenci\u00f3n de nuestro ser el Esp\u00edritu, es muy importante que en este centro desarrollemos la verdadera humildad, es decir, que sepamos en nuestros corazones qui\u00e9nes somos, y que reconozcamos nuestro lugar en esta creaci\u00f3n, que para un alma realizada es sencillamente ser un instrumento del divino.<\/p>\n","protected":false},"excerpt":{"rendered":"<p>Cualidades: creatividad, inspiraci\u00f3n, est\u00e9tica, percepci\u00f3n intelectual. Localizaci\u00f3n corporal: plexo a\u00f3rtico. Localizaci\u00f3n en la mano: pulgar. Manifestaciones: h\u00edgado, ri\u00f1\u00f3n, bazo, p\u00e1ncreas, \u00fatero. Causas de bloqueo: pensar o planear demasiado, demasiada implicaci\u00f3n en el arte, hacer dinero de tus talentos, el alcohol, las drogas, los malos h\u00e1bitos alimenticios, los falsos gurus artificiales u ordinarios, la obediencia extrema, [&hellip;]<\/p>\n","protected":false},"author":9,"featured_media":0,"parent":12,"menu_order":3,"comment_status":"closed","ping_status":"closed","template":"","meta":{"ngg_post_thumbnail":0,"footnotes":""},"class_list":["post-15","page","type-page","status-publish","hentry"],"_links":{"self":[{"href":"https:\/\/www.sahajayoga.com.au\/esbookone\/wp-json\/wp\/v2\/pages\/15","targetHints":{"allow":["GET"]}}],"collection":[{"href":"https:\/\/www.sahajayoga.com.au\/esbookone\/wp-json\/wp\/v2\/pages"}],"about":[{"href":"https:\/\/www.sahajayoga.com.au\/esbookone\/wp-json\/wp\/v2\/types\/page"}],"author":[{"embeddable":true,"href":"https:\/\/www.sahajayoga.com.au\/esbookone\/wp-json\/wp\/v2\/users\/9"}],"replies":[{"embeddable":true,"href":"https:\/\/www.sahajayoga.com.au\/esbookone\/wp-json\/wp\/v2\/comments?post=15"}],"version-history":[{"count":0,"href":"https:\/\/www.sahajayoga.com.au\/esbookone\/wp-json\/wp\/v2\/pages\/15\/revisions"}],"up":[{"embeddable":true,"href":"https:\/\/www.sahajayoga.com.au\/esbookone\/wp-json\/wp\/v2\/pages\/12"}],"wp:attachment":[{"href":"https:\/\/www.sahajayoga.com.au\/esbookone\/wp-json\/wp\/v2\/media?parent=15"}],"curies":[{"name":"wp","href":"https:\/\/api.w.org\/{rel}","templated":true}]}}