{"id":16,"date":"2008-02-07T20:23:23","date_gmt":"2008-02-08T04:23:23","guid":{"rendered":"http:\/\/www.es.sahajayoga.com.au\/book_one\/capitulo-5-los-chakras\/nabhi-chakra\/"},"modified":"2008-02-07T20:23:23","modified_gmt":"2008-02-08T04:23:23","slug":"nabhi-chakra","status":"publish","type":"page","link":"https:\/\/www.sahajayoga.com.au\/esbookone\/capitulo-5-los-chakras\/nabhi-chakra\/","title":{"rendered":"Nabhi Chakra"},"content":{"rendered":"<p><img decoding=\"async\" class=\"noborder\" src=\"http:\/\/www.sahajayoga.com.au\/esbookone\/wp-content\/uploads\/sites\/7\/2008\/02\/nabhi.jpg\" alt=\"Nabhi Chakra\" \/><\/p>\n<p><em>Cualidades:<\/em> sustento (Dharma), los diez mandamientos, rectitud, bienestar, abundancia (Laxmi tatwa), b\u00fasqueda, evoluci\u00f3n.<br \/>\n<em>Localizaci\u00f3n corporal<\/em>: plexo solar.<br \/>\n<em>Localizaci\u00f3n en la mano<\/em>: dedo medio.<br \/>\n<em>Manifestaciones<\/em>: intestinos, est\u00f3mago, bazo, h\u00edgado.<br \/>\n<em>Causas de bloqueo<\/em>: problemas con la familia y en el hogar, preocupaciones por el dinero, alcohol, marido o esposa dominante, fanatismo, ascetismo, ayuno, demasiado inter\u00e9s en la comida.<br \/>\n<em>N\u00famero de p\u00e9talos<\/em>: diez.<br \/>\n<em>Elemento:<\/em> agua.<\/p>\n<p>La Kundalini pasa primero por el Nabhi chakra, atraves\u00e1ndolo de lado a lado. A trav\u00e9s de las vibraciones, luego de la Realizaci\u00f3n, logramos comprender realmente por qu\u00e9 y c\u00f3mo deber\u00edamos llevar a una vida pura y correcta. Verdaderamente nos damos cuenta de la necesidad del Dharma. As\u00ed la sabidur\u00eda crece dentro de nosotros.<\/p>\n<p>Tenemos los diez mandamientos como gu\u00edas de nuestra Realizaci\u00f3n y de la forma de vida subsiguiente: son los estatutos divinos que mantienen a los seres humanos en el centro. Los que han seguido siempre estos principios del sustento humano alcanzan una experiencia de la Auto-Realizaci\u00f3n poderosa y duradera. Y aquellos que no comprend\u00edan la necesidad del Dharma antes de la Realizaci\u00f3n, ahora se vuelven concientes de ello. Esto significa que despu\u00e9s de la Realizaci\u00f3n, ante cualquier cosa que hagas en contra del Dharma tu est\u00f3mago se rebelar\u00e1 contra eso. En realidad, los que han intentado probar su sustento iluminado se han sorprendido de ver c\u00f3mo su est\u00f3mago se vuelve sensible al Adharma. Puede tambi\u00e9n ser probado muy claramente con las vibraciones. Estas experiencias te convencen de tu nueva conciencia humana. Adem\u00e1s, debido a la manifestaci\u00f3n de la belleza del Esp\u00edritu, uno goza tanto de s\u00ed mismo que el buscador no desea complacerse con tonter\u00edas despu\u00e9s de probar el n\u00e9ctar de la vida.<\/p>\n<p>Estos preceptos est\u00e1n all\u00ed para que los sigas, pero aun eres libre. En Sahaja Yoga eres tu propio juez y jurado. Las vibraciones te indican el caso. Entonces depender\u00e1 de ti en tu sabidur\u00eda dar el veredicto y dictar la sentencia. Esto es posible despu\u00e9s de la Realizaci\u00f3n cuando dejas de identificarte con tus debilidades y te vuelves un testigo de ti mismo. As\u00ed es c\u00f3mo el Juicio Final se est\u00e1 manifestando.<\/p>\n<p>Con la gracia de Shri Laxmi, que es el poder de Shri Vishnu, conseguimos nuestro bienestar f\u00edsico y material (Kshema). A la izquierda del chakra est\u00e1 el lugar de la Gruhalaxmi, la esposa, la Diosa del Hogar. La esposa debe ser respetada y a su vez debe ser la encarnaci\u00f3n de la respetabilidad. Bloqueamos este lado del chakra cuando tenemos problemas en el hogar o si nos preocupamos demasiado por el dinero. Despu\u00e9s de la Realizaci\u00f3n, aprendemos a tener fe en la Providencia, que nuestro padre Dios Todopoderoso, nos est\u00e1 cuidando. Ganamos la fuerza para hacer frente a nuestras responsabilidades y para comenzar a gozar de los deberes que debemos asumir. Nos damos cuenta que la familia, como la unidad m\u00e1s importante de nuestra sociedad, tiene que ser sostenida, y debemos prosperar en una atm\u00f3sfera de amor, respeto y unidad.<\/p>\n<p>Beber alcohol, comer mala comida, tener demasiado inter\u00e9s en la comida (&#8220;gourmet&#8221;) ya sea como gula o como ayuno, har\u00e1 naturalmente que el Nabhi se bloquee. Despu\u00e9s de que la Kundalini se despierta, tales deseos se acaban r\u00e1pidamente. La tentaci\u00f3n de platos particulares desaparece y comienzas a gozar de la comida que da las mejores vibraciones. La actitud completa llega a ser muy sutil y desapegada, y encuentras que tu apetito se satisface muy f\u00e1cilmente.<\/p>\n<p>La &#8220;satisfacci\u00f3n&#8221; es en realidad una palabra clave para el Nabhi. Debido a problemas del h\u00edgado y la consecuente irritabilidad, la gente desarrolla a menudo el h\u00e1bito de expresar descontento ante la m\u00e1s leve provocaci\u00f3n. Para ellos, la vida sin preocupaciones es imposible.<\/p>\n<p>Cuando el Esp\u00edritu se manifiesta, ves las cosas en su verdadera perspectiva, a trav\u00e9s de la atenci\u00f3n purificada, y dejas a un lado las preocupaciones. En la paz que te da la ausencia de pensamientos, s\u00f3lo puedes estar satisfecho. Entonces comprendes que el Esp\u00edritu no se ve alterado por las modas pasajeras y las tendencias, por un bot\u00f3n que falte aqu\u00ed o all\u00e1. El mantra para el Nabhi es: &#8220;En mi Esp\u00edritu estoy satisfecho.&#8221;<\/p>\n","protected":false},"excerpt":{"rendered":"<p>Cualidades: sustento (Dharma), los diez mandamientos, rectitud, bienestar, abundancia (Laxmi tatwa), b\u00fasqueda, evoluci\u00f3n. Localizaci\u00f3n corporal: plexo solar. Localizaci\u00f3n en la mano: dedo medio. Manifestaciones: intestinos, est\u00f3mago, bazo, h\u00edgado. Causas de bloqueo: problemas con la familia y en el hogar, preocupaciones por el dinero, alcohol, marido o esposa dominante, fanatismo, ascetismo, ayuno, demasiado inter\u00e9s en la [&hellip;]<\/p>\n","protected":false},"author":9,"featured_media":0,"parent":12,"menu_order":4,"comment_status":"closed","ping_status":"closed","template":"","meta":{"ngg_post_thumbnail":0,"footnotes":""},"class_list":["post-16","page","type-page","status-publish","hentry"],"_links":{"self":[{"href":"https:\/\/www.sahajayoga.com.au\/esbookone\/wp-json\/wp\/v2\/pages\/16","targetHints":{"allow":["GET"]}}],"collection":[{"href":"https:\/\/www.sahajayoga.com.au\/esbookone\/wp-json\/wp\/v2\/pages"}],"about":[{"href":"https:\/\/www.sahajayoga.com.au\/esbookone\/wp-json\/wp\/v2\/types\/page"}],"author":[{"embeddable":true,"href":"https:\/\/www.sahajayoga.com.au\/esbookone\/wp-json\/wp\/v2\/users\/9"}],"replies":[{"embeddable":true,"href":"https:\/\/www.sahajayoga.com.au\/esbookone\/wp-json\/wp\/v2\/comments?post=16"}],"version-history":[{"count":0,"href":"https:\/\/www.sahajayoga.com.au\/esbookone\/wp-json\/wp\/v2\/pages\/16\/revisions"}],"up":[{"embeddable":true,"href":"https:\/\/www.sahajayoga.com.au\/esbookone\/wp-json\/wp\/v2\/pages\/12"}],"wp:attachment":[{"href":"https:\/\/www.sahajayoga.com.au\/esbookone\/wp-json\/wp\/v2\/media?parent=16"}],"curies":[{"name":"wp","href":"https:\/\/api.w.org\/{rel}","templated":true}]}}