{"id":17,"date":"2008-02-07T20:24:45","date_gmt":"2008-02-08T04:24:45","guid":{"rendered":"http:\/\/www.es.sahajayoga.com.au\/book_one\/capitulo-5-los-chakras\/vacio\/"},"modified":"2008-02-07T20:24:45","modified_gmt":"2008-02-08T04:24:45","slug":"vacio","status":"publish","type":"page","link":"https:\/\/www.sahajayoga.com.au\/esbookone\/capitulo-5-los-chakras\/vacio\/","title":{"rendered":"Vacio"},"content":{"rendered":"<p><img decoding=\"async\" class=\"noborder\" src=\"http:\/\/www.sahajayoga.com.au\/esbookone\/wp-content\/uploads\/sites\/7\/2008\/02\/void.jpg\" alt=\"Void\" \/><\/p>\n<p><em>Cualidades<\/em>: principio del Maestro primordial.<br \/>\n<em>Localizaci\u00f3n en la mano<\/em>: base de los dedos y anillo externo de la palma.<br \/>\n<em>Manifestaciones: <\/em>fanatismo, fantas\u00eda, falsos gurus, problemas de sustento. El vac\u00edo afecta el chakra Nabhi particularmente y tambi\u00e9n los chakras Swadisthan y Coraz\u00f3n central.<br \/>\n<em>Elemento:<\/em> agua, fuego.<\/p>\n<p>Dentro del instrumento, el vac\u00edo es la brecha entre la Kundalini y el nervio vago del sistema parasimp\u00e1tico. Representa el Bhavasagara, el oc\u00e9ano de la Creaci\u00f3n, oscurecido por los velos de la ilusi\u00f3n (Maya), ese vac\u00edo que separa nuestra conciencia de lo Absoluto hasta que no salgamos del estado de no iluminaci\u00f3n. Representa todo el espacio y el tiempo desde el principio de la creaci\u00f3n hasta la c\u00faspide de nuestra evoluci\u00f3n en la conciencia humana, y contiene los dos centros o chakras del sol (Surya) y de la luna (Chandra). El vac\u00edo es creado por el movimiento circular exterior del Swadisthan alrededor del Nabhi chakra.<\/p>\n<p>Todos los grandes Profetas que vinieron a dar el conocimiento de la realidad suprema se encuentran aqu\u00ed: Abraham, Mois\u00e9s, Lao-Tse, Janaka, Nanak, Mahoma, Sai Nath de Shirdi, todos son encarnaciones del principio del Maestro Primordial (Adi Guru), y son ellos quienes nos han ense\u00f1ado las formas de vida correctas que mantienen el  equilibrio de nuestro dharma.<\/p>\n<p>Cuando la Kundalini llena el Vac\u00edo y asciende, nuestra atenci\u00f3n se aleja de la confusi\u00f3n y la Maya, y entra en la conciencia de esta realidad suprema. Este movimiento ha sido simbolizado en nuestra evoluci\u00f3n con Mois\u00e9s guiando a su pueblo a trav\u00e9s del Mar Rojo.<\/p>\n<p>Ahora, en Sahaja Yoga, buscamos en esos grandes maestros la gu\u00eda y el conocimiento de los estatutos divinos, y podemos verificar la verdad de su conocimiento a trav\u00e9s de la nueva conciencia vibratoria. Las ense\u00f1anzas de los maestros genuinos, e incluso sus nombres, producen vibraciones frescas. Si preguntamos acerca de falsos maestros o instituciones que est\u00e1n organizando la religi\u00f3n en una forma no autorizada, incluso en el nombre de las encarnaciones reales, las vibraciones se vuelven calientes o simplemente cesan. Tal falsedad conduce al fanatismo. Los Sahaja Yogis tienen que ser personas normales con respeto a lo que es genuino, de otra forma pierden las vibraciones. Debido a que las vibraciones son jueces tan absolutos, puedes realmente sentir cuando algo es verdadero y cuando algo es falso.<\/p>\n","protected":false},"excerpt":{"rendered":"<p>Cualidades: principio del Maestro primordial. Localizaci\u00f3n en la mano: base de los dedos y anillo externo de la palma. Manifestaciones: fanatismo, fantas\u00eda, falsos gurus, problemas de sustento. El vac\u00edo afecta el chakra Nabhi particularmente y tambi\u00e9n los chakras Swadisthan y Coraz\u00f3n central. Elemento: agua, fuego. Dentro del instrumento, el vac\u00edo es la brecha entre la [&hellip;]<\/p>\n","protected":false},"author":9,"featured_media":0,"parent":12,"menu_order":5,"comment_status":"closed","ping_status":"closed","template":"","meta":{"ngg_post_thumbnail":0,"footnotes":""},"class_list":["post-17","page","type-page","status-publish","hentry"],"_links":{"self":[{"href":"https:\/\/www.sahajayoga.com.au\/esbookone\/wp-json\/wp\/v2\/pages\/17","targetHints":{"allow":["GET"]}}],"collection":[{"href":"https:\/\/www.sahajayoga.com.au\/esbookone\/wp-json\/wp\/v2\/pages"}],"about":[{"href":"https:\/\/www.sahajayoga.com.au\/esbookone\/wp-json\/wp\/v2\/types\/page"}],"author":[{"embeddable":true,"href":"https:\/\/www.sahajayoga.com.au\/esbookone\/wp-json\/wp\/v2\/users\/9"}],"replies":[{"embeddable":true,"href":"https:\/\/www.sahajayoga.com.au\/esbookone\/wp-json\/wp\/v2\/comments?post=17"}],"version-history":[{"count":0,"href":"https:\/\/www.sahajayoga.com.au\/esbookone\/wp-json\/wp\/v2\/pages\/17\/revisions"}],"up":[{"embeddable":true,"href":"https:\/\/www.sahajayoga.com.au\/esbookone\/wp-json\/wp\/v2\/pages\/12"}],"wp:attachment":[{"href":"https:\/\/www.sahajayoga.com.au\/esbookone\/wp-json\/wp\/v2\/media?parent=17"}],"curies":[{"name":"wp","href":"https:\/\/api.w.org\/{rel}","templated":true}]}}