{"id":18,"date":"2008-02-07T20:27:18","date_gmt":"2008-02-08T04:27:18","guid":{"rendered":"http:\/\/www.es.sahajayoga.com.au\/book_one\/capitulo-5-los-chakras\/chakra-del-corazon\/"},"modified":"2008-02-07T20:27:18","modified_gmt":"2008-02-08T04:27:18","slug":"chakra-del-corazon","status":"publish","type":"page","link":"https:\/\/www.sahajayoga.com.au\/esbookone\/capitulo-5-los-chakras\/chakra-del-corazon\/","title":{"rendered":"Chakra del coraz\u00f3n"},"content":{"rendered":"<p><img decoding=\"async\" class=\"noborder\" src=\"http:\/\/www.sahajayoga.com.au\/esbookone\/wp-content\/uploads\/sites\/7\/2008\/02\/heart.jpg\" alt=\"Heart chakra\" \/><\/p>\n<p>Tambi\u00e9n conocido como Riddhaya o Anahat Chakra<\/p>\n<p><strong>Coraz\u00f3n izquierdo:<\/strong><\/p>\n<p><em>Cualidades:<\/em> existencia, amor, verdad, gozo, despu\u00e9s de la Realizaci\u00f3n: Gozo-Atenci\u00f3n-Verdad (Sat-Chit-Anand).<br \/>\n<em>Localizaci\u00f3n corporal<em>:<\/em><\/em> \u00f3rgano del coraz\u00f3n y plexo cardiaco izquierdo.<br \/>\n<em>Localizaci\u00f3n en la mano:<\/em> dedo me\u00f1ique izquierdo.<br \/>\n<em>Manifestaciones:<\/em> latido del coraz\u00f3n (Anahat: sonido sin percusi\u00f3n).<br \/>\n<em>Causas de bloqueo:<\/em> actividad f\u00edsica y mental extrema, malas relaciones afectivas (especialmente con la madre), atenci\u00f3n en lo externo, hatha yoga (f\u00edsico), drogas, falta de b\u00fasqueda, falta de fe en Dios, actividades en contra de Dios.<\/p>\n<p><strong>Coraz\u00f3n central:<\/strong><\/p>\n<p><em>Cualidades:<\/em> Madre del Universo, madre f\u00edsica, sentido de la seguridad, creaci\u00f3n y nutrici\u00f3n de los anticuerpos.<br \/>\n<em>Localizaci\u00f3n corporal<em>:<\/em><\/em> centro del plexo cardiaco, tambi\u00e9n parcialmente el plexo cardiaco izquierdo, hueso del estern\u00f3n en la ni\u00f1ez.<br \/>\n<em>Manifestaciones:<\/em> respiraci\u00f3n, pechos.<br \/>\n<em>Causas de bloqueo:<\/em> sentido de inseguridad, problemas con la madre o la maternidad, posesiones, miedo.<br \/>\n<em>N\u00famero de p\u00e9talos:<\/em> doce.<br \/>\n<em>Elemento:<\/em> aire.<\/p>\n<p><strong> <\/strong><\/p>\n<p><strong>Coraz\u00f3n derecho:<\/strong><\/p>\n<p><em>Cualidades:<\/em> vida sumisa como rey, padre, marido, l\u00edmites elegantes y auspiciosos (Maryada).<br \/>\n<em>Localizaci\u00f3n corporal<em>:<\/em><\/em> plexo cardiaco (lado derecho).<br \/>\n<em>Localizaci\u00f3n en la mano:<\/em> dedo me\u00f1ique derecho.<br \/>\n<em>Causas de bloqueo:<\/em> problemas con el padre o la paternidad, agresi\u00f3n emocional, comportamiento arrogante o desconsiderado, dominaci\u00f3n indebida (anti-divina).<\/p>\n<p>El coraz\u00f3n es el hogar del Ser, el Alma, el Esp\u00edritu, el Atma, lo cual es una \u00fanica cosa que significa lo mismo. Repetidamente Su Santidad Shri Mataji nos ha dicho: &#8220;No eres nada sino tu Esp\u00edritu eterno.&#8221; De acuerdo con Ella, el Esp\u00edritu es la \u00fanica cosa en la que deber\u00edamos convertirnos y darnos cuenta que todo el resto se vuelve vano. La madre (f\u00edsica) desempe\u00f1a un papel muy importante en tus emociones afectivas y esto afecta la cualidad de tu b\u00fasqueda.<\/p>\n<p>Despu\u00e9s de la Realizaci\u00f3n, al perder nuestras falsas identificaciones con el cuerpo, la mente, los sentimientos, realmente nos convertimos en ese Esp\u00edritu. Nada m\u00e1s que con la iluminaci\u00f3n podemos llevar nuestra atenci\u00f3n a nuestro coraz\u00f3n y limpiarlo. El Esp\u00edritu puede manifestarse solamente donde el coraz\u00f3n est\u00e9 abierto y limpio, y en tal recipiente se vierte el gozo eterno de perfeccionar el prop\u00f3sito y el significado de la creaci\u00f3n, de nuestro sentido. Tenemos que limpiar nuestros corazones con nuestra atenci\u00f3n, y recitando mantras como &#8220;Yo soy el Esp\u00edritu&#8221; podemos ir gradualmente volvi\u00e9ndonos eso (por supuesto, esto ocurre despu\u00e9s de la Realizaci\u00f3n; antes de la Realizaci\u00f3n todo es mec\u00e1nico). Shri Mataji dice, &#8220;\u00bfcu\u00e1l es el sentido de usar un tel\u00e9fono que no est\u00e1 conectado a la red (el poder omnipresente)?&#8221;<\/p>\n<p>En el Sahasrara, tiene lugar el asiento del chakra del coraz\u00f3n en el Brahmarandra, sobre la coronilla de la cabeza. Aqu\u00ed es donde la conciencia individual, a trav\u00e9s de la Kundalini, se une con la conciencia universal.<\/p>\n<p>Este centro tiene que ser tratado con el mayor respeto y comprensi\u00f3n. Se debe evitar concienzudamente someter el coraz\u00f3n a un esfuerzo indebido en nuestra vida cotidiana. Por ejemplo, las llamadas disciplinas asc\u00e9ticas, trabajos mentales o f\u00edsicos pesados prolongados, o un Hatha Yoga occidentalizado, que se concentra en desarrollar el cuerpo solamente, sin tener en cuenta ninguna consideraci\u00f3n del amor de Dios, a expensas del Esp\u00edritu. Si hemos ido en contra del Esp\u00edritu, o de Dios Todopoderoso, podemos despertarlo despu\u00e9s de la Realizaci\u00f3n pidiendo perd\u00f3n. Los problemas en este centro, que provienen de la inseguridad, pueden causar palpitaciones y problemas de pecho.<\/p>\n<p>La verdadera seguridad significa m\u00e1s que s\u00f3lo un ambiente favorable. El lado izquierdo del chakra del coraz\u00f3n tambi\u00e9n es afectado por nuestra propia madre f\u00edsica, mientras que nuestro padre tiene su lugar en el coraz\u00f3n derecho. Una vez que nos damos cuenta que nuestros padres tienen este lugar dentro de nosotros, entonces no intentamos escaparnos o huir de los problemas familiares. S.S. Shri Mataji dice que, en efecto, nosotros elegimos a nuestros padres, por lo que debemos tambi\u00e9n asumir nuestras responsabilidades hacia ellos. En todo momento debemos tratarlos con el amor y el gran respeto que se merecen. Los padres, cuyos hijos tienen sus lugares en sus propios corazones, deben criarlos siguiendo una vida pura y adecuadamente propicia para su desarrollo espiritual. Deber\u00edan amarlos sin apego y sin miedo, sabiendo que son los responsables de sus ni\u00f1os, quienes querr\u00e1n tener su Realizaci\u00f3n o que pueden haber nacido con ella. Si los padres no practican lo que predican, no pueden influenciar a sus hijos. Deben ser valientes y respetables para ser respetados.<\/p>\n<p>En el coraz\u00f3n derecho tenemos fijados los l\u00edmites propicios y auspiciosos por los cuales los seres humanos deber\u00edamos vivir y ser gobernados. Estos l\u00edmites son necesarios cuando buscamos conocer el Esp\u00edritu. Cuando la atenci\u00f3n no tiene l\u00edmites, se extiende indiscriminadamente como un charco de agua sobre la tierra. Cuando nos mantenemos dentro de los l\u00edmites, corre profundo como un r\u00edo y nuestra atenci\u00f3n profundiza hacia el interior.<\/p>\n<p>El amor puro, que ilumina todo, es la verdadera cualidad del Coraz\u00f3n. En el estado de no Realizaci\u00f3n, raramente amamos por el solo hecho de amar. Debido a nuestro condicionamiento, confundimos sentimientos de amor con los de posesi\u00f3n, sexo y ego\u00edsmo, y el objeto del amor se convierte en el objeto del deseo. El amor puro es desapegado. Da sin ning\u00fan inter\u00e9s. Como el \u00e1rbol que da sombra a todos, sin prejuicios. Como el r\u00edo, que s\u00f3lo fluye. Su Santidad Shri Mataji dice: &#8220;Te dir\u00e9 una y otra vez que Sahaja Yoga no es otra cosa que una manifestaci\u00f3n de amor, amor, amor.&#8221;<\/p>\n","protected":false},"excerpt":{"rendered":"<p>Tambi\u00e9n conocido como Riddhaya o Anahat Chakra Coraz\u00f3n izquierdo: Cualidades: existencia, amor, verdad, gozo, despu\u00e9s de la Realizaci\u00f3n: Gozo-Atenci\u00f3n-Verdad (Sat-Chit-Anand). Localizaci\u00f3n corporal: \u00f3rgano del coraz\u00f3n y plexo cardiaco izquierdo. Localizaci\u00f3n en la mano: dedo me\u00f1ique izquierdo. Manifestaciones: latido del coraz\u00f3n (Anahat: sonido sin percusi\u00f3n). Causas de bloqueo: actividad f\u00edsica y mental extrema, malas relaciones afectivas [&hellip;]<\/p>\n","protected":false},"author":9,"featured_media":0,"parent":12,"menu_order":6,"comment_status":"closed","ping_status":"closed","template":"","meta":{"ngg_post_thumbnail":0,"footnotes":""},"class_list":["post-18","page","type-page","status-publish","hentry"],"_links":{"self":[{"href":"https:\/\/www.sahajayoga.com.au\/esbookone\/wp-json\/wp\/v2\/pages\/18","targetHints":{"allow":["GET"]}}],"collection":[{"href":"https:\/\/www.sahajayoga.com.au\/esbookone\/wp-json\/wp\/v2\/pages"}],"about":[{"href":"https:\/\/www.sahajayoga.com.au\/esbookone\/wp-json\/wp\/v2\/types\/page"}],"author":[{"embeddable":true,"href":"https:\/\/www.sahajayoga.com.au\/esbookone\/wp-json\/wp\/v2\/users\/9"}],"replies":[{"embeddable":true,"href":"https:\/\/www.sahajayoga.com.au\/esbookone\/wp-json\/wp\/v2\/comments?post=18"}],"version-history":[{"count":0,"href":"https:\/\/www.sahajayoga.com.au\/esbookone\/wp-json\/wp\/v2\/pages\/18\/revisions"}],"up":[{"embeddable":true,"href":"https:\/\/www.sahajayoga.com.au\/esbookone\/wp-json\/wp\/v2\/pages\/12"}],"wp:attachment":[{"href":"https:\/\/www.sahajayoga.com.au\/esbookone\/wp-json\/wp\/v2\/media?parent=18"}],"curies":[{"name":"wp","href":"https:\/\/api.w.org\/{rel}","templated":true}]}}