{"id":19,"date":"2008-02-07T20:32:11","date_gmt":"2008-02-08T04:32:11","guid":{"rendered":"http:\/\/www.es.sahajayoga.com.au\/book_one\/capitulo-5-los-chakras\/vishuddhi-chakra\/"},"modified":"2008-02-07T20:32:11","modified_gmt":"2008-02-08T04:32:11","slug":"vishuddhi-chakra","status":"publish","type":"page","link":"https:\/\/www.sahajayoga.com.au\/esbookone\/capitulo-5-los-chakras\/vishuddhi-chakra\/","title":{"rendered":"Vishuddhi Chakra"},"content":{"rendered":"<p><img decoding=\"async\" class=\"noborder\" src=\"http:\/\/www.sahajayoga.com.au\/esbookone\/wp-content\/uploads\/sites\/7\/2008\/02\/visuddhi.jpg\" alt=\"Visuddhi Chakra\" \/><\/p>\n<p><strong>Visshudhi izquierdo:<\/strong><\/p>\n<p><em>Cualidades:<\/em> relaci\u00f3n hermano-hermana.<br \/>\n<em>Localizaci\u00f3n en la mano:<\/em> dedo \u00edndice izquierdo.<br \/>\n<em>Causas de bloqueo:<\/em> culpa, inmoralidad, lenguaje grosero, sarcasmo.<strong><br \/>\n<\/strong><\/p>\n<p><strong>Visshudhi Central:<\/strong><\/p>\n<p><em>Cualidades:<\/em> diplomacia divina, testigo del juego, conciencia colectiva (Virata, Akbar).<br \/>\n<em>Localizaci\u00f3n corporal<em>:<\/em><\/em> plexo cervical (tiroides).<br \/>\n<em>Localizaci\u00f3n en la mano:<\/em> dedos \u00edndices (en ambas manos cuando es el Virata).<br \/>\n<em>Manifestaciones:<\/em> cuello, brazos, boca, lengua, cara.<br \/>\n<em>Causas de bloqueo:<\/em> arrogancia, relaciones impuras, falta del sentido de colectividad, hablar en contra de la universalidad de Dios, fanatismo.<br \/>\n<em>N\u00famero de p\u00e9talos:<\/em> diecis\u00e9is.<br \/>\n<em>Elemento:<\/em> \u00e9ter.<\/p>\n<p><strong>Visshudhi derecho:<\/strong><\/p>\n<p><em>Cualidades:<\/em> testigo de s\u00ed mismo.<br \/>\n<em>Localizaci\u00f3n en la mano:<\/em> dedo \u00edndice derecho.<br \/>\n<em>Causas de bloqueo:<\/em> fumar, maldecir, gritar, tomar fr\u00edo, sinusitis o problemas de bronquios.<\/p>\n<p>Para entrar en el estado de testigo, debemos comenzar practicando el desapego: hacia todo a lo que estamos involucrados, pensamientos, planes, condicionamientos, emociones. A medida que maduramos en la capacidad de ser testigos despu\u00e9s de la Realizaci\u00f3n, vemos que todas estas cosas existen fuera de nosotros mismos, y si est\u00e1n afuera, debemos darnos cuenta que nosotros no somos eso. De esta manera, nos despojamos de las capas de identidad para revelar nuestra esencia fundamental e indivisible, el Esp\u00edritu. &#8220;Vemos nuestra propia actuaci\u00f3n, y el mundo entero se convierte en una obra de teatro&#8221; dice Su Santidad Shri Mataji.<\/p>\n<p>Uno de los m\u00e1s dominantes de todos los apegos es la culpa. Alimentados por la auto-acusaci\u00f3n, nos aferramos a la culpabilidad, que nos envuelve en su manto. Ocultos entre sus hendiduras, vamos postergando el momento de enfrentar nuestras debilidades y hacer algo con ellas. La culpa ataca el Vishuddhi izquierdo y hemos descubierto que es una de las barreras m\u00e1s dif\u00edciles para que la Kundalini pueda subir. La causa fundamental es la inmoralidad, que surge de nuestra confusi\u00f3n sobre la relaci\u00f3n universal entre el hombre y la mujer, que es la de hermano y hermana. La atenci\u00f3n se debe tornar pura. Despu\u00e9s de la Realizaci\u00f3n, nos damos cuenta que el Esp\u00edritu, que es puro, no acumula culpa. Es realmente un problema del superego. Usando t\u00e9cnicas simples en Sahaja Yoga podemos superar estas debilidades muy f\u00e1cilmente.  &#8220;Yo no soy culpable&#8221; es el mantra del Visuddhi izquierdo.<\/p>\n<p>El Vishuddhi chakra tiene diecis\u00e9is p\u00e9talos, cada uno con diferentes cualidades y funciones. En el lado f\u00edsico, se ocupa de la garganta, los brazos, la cara, la boca, los dientes, etc., as\u00ed que todos estos deben ser bien cuidados. Por ejemplo, protegi\u00e9ndote del fr\u00edo, evitando el tabaco, cuidando la dentadura, etc\u00e9tera. Esto es particularmente importante para tu conciencia vibratoria, pues los nervios que registran las vibraciones en las manos pasan a trav\u00e9s de este centro.<\/p>\n<p>Para el Vishuddhi derecho, que gobierna el habla, debemos prestar atenci\u00f3n a c\u00f3mo utilizamos la voz; elogiando m\u00e1s que criticando, aspirando a la auspiciosidad y a la dignidad en nuestra forma de hablar antes que a la frivolidad. Nunca deber\u00edamos ser \u00e1speros o sarc\u00e1sticos, &#8220;ingeniosos&#8221; a costa de otra persona. Esto s\u00f3lo nos provocar\u00e1 culpa en el lado izquierdo. Deber\u00edamos hablar siempre desde el coraz\u00f3n.<\/p>\n<p>Est\u00e1 de m\u00e1s decir que usar la voz de manera incorrecta tendr\u00e1 un efecto muy perjudicial para el Visshudhi derecho, por ejemplo maldiciendo o repitiendo mantras y c\u00e1nticos no autorizados.<\/p>\n<p>El Visshudhi es tambi\u00e9n el lugar del Virata, la forma manifestada de Dios, descrita con v\u00edvidos detalles en el cap\u00edtulo II del Bhagavad Gita&#8217;:<\/p>\n<p><em>\u2018Y Arjuna vio en ese resplandor el universo entero en su variedad, levant\u00e1ndose en una vasta unidad en el cuerpo del Dios de los dioses.&#8217;<\/em><\/p>\n<p>Como c\u00e9lulas de ese cuerpo, unidos por el hilo de la Kundalini, debemos meditar sobre esa unidad, nuestra hermandad en esp\u00edritu con la humanidad y con el universo. No debemos divorciarnos de ese todo con sentimientos de inferioridad o de arrogancia. El &#8220;individuo duro&#8221; habita en su propio mito privado. Debemos convertirnos en seres universales.<\/p>\n<p>Debemos buscarnos a nosotros mismos en los dem\u00e1s, sentir el esp\u00edritu de la otra persona, con la actitud de que estamos yendo a oler la fragancia de una flor, con gran dulzura (madhuri). &#8220;Establece tu amor en otra persona&#8221;, como dice Su Santidad Shri Mataji, y encuentra &#8220;la universalidad a trav\u00e9s de la dulzura, la dulzura de las relaciones&#8221;.<\/p>\n<p>El Hamsa chakra es parte de Visshudhi chakra y se ubica en un punto situado entre los ojos. Este centro se relaciona con la uni\u00f3n entre hombre y la mujer en el matrimonio. La instituci\u00f3n matrimonial debe ser venerada, sosteni\u00e9ndose uno al otro con suma estima y respeto.<\/p>\n<p>Final del formulario<\/p>\n<p>No debe haber confusi\u00f3n de identidad: un hombre debe ser un hombre, y una mujer debe ser una mujer. Y no debe haber confusi\u00f3n en cuanto al prop\u00f3sito de un matrimonio Sahaja, que es extender su amor a la comunidad entera, y convertirse en padres de aquellas almas realizadas que est\u00e1n esperando nacer.<\/p>\n","protected":false},"excerpt":{"rendered":"<p>Visshudhi izquierdo: Cualidades: relaci\u00f3n hermano-hermana. Localizaci\u00f3n en la mano: dedo \u00edndice izquierdo. Causas de bloqueo: culpa, inmoralidad, lenguaje grosero, sarcasmo. Visshudhi Central: Cualidades: diplomacia divina, testigo del juego, conciencia colectiva (Virata, Akbar). Localizaci\u00f3n corporal: plexo cervical (tiroides). Localizaci\u00f3n en la mano: dedos \u00edndices (en ambas manos cuando es el Virata). Manifestaciones: cuello, brazos, boca, lengua, [&hellip;]<\/p>\n","protected":false},"author":9,"featured_media":0,"parent":12,"menu_order":7,"comment_status":"closed","ping_status":"closed","template":"","meta":{"ngg_post_thumbnail":0,"footnotes":""},"class_list":["post-19","page","type-page","status-publish","hentry"],"_links":{"self":[{"href":"https:\/\/www.sahajayoga.com.au\/esbookone\/wp-json\/wp\/v2\/pages\/19","targetHints":{"allow":["GET"]}}],"collection":[{"href":"https:\/\/www.sahajayoga.com.au\/esbookone\/wp-json\/wp\/v2\/pages"}],"about":[{"href":"https:\/\/www.sahajayoga.com.au\/esbookone\/wp-json\/wp\/v2\/types\/page"}],"author":[{"embeddable":true,"href":"https:\/\/www.sahajayoga.com.au\/esbookone\/wp-json\/wp\/v2\/users\/9"}],"replies":[{"embeddable":true,"href":"https:\/\/www.sahajayoga.com.au\/esbookone\/wp-json\/wp\/v2\/comments?post=19"}],"version-history":[{"count":0,"href":"https:\/\/www.sahajayoga.com.au\/esbookone\/wp-json\/wp\/v2\/pages\/19\/revisions"}],"up":[{"embeddable":true,"href":"https:\/\/www.sahajayoga.com.au\/esbookone\/wp-json\/wp\/v2\/pages\/12"}],"wp:attachment":[{"href":"https:\/\/www.sahajayoga.com.au\/esbookone\/wp-json\/wp\/v2\/media?parent=19"}],"curies":[{"name":"wp","href":"https:\/\/api.w.org\/{rel}","templated":true}]}}