{"id":5,"date":"2007-12-21T02:42:32","date_gmt":"2007-12-21T10:42:32","guid":{"rendered":"http:\/\/www.sahajameditation.com.au\/esbookone\/about\/"},"modified":"2007-12-21T02:42:32","modified_gmt":"2007-12-21T10:42:32","slug":"about","status":"publish","type":"page","link":"https:\/\/www.sahajayoga.com.au\/esbookone\/","title":{"rendered":"Introducci\u00f3n"},"content":{"rendered":"<p><strong>Sahaja Yoga<\/strong> es diferente de los otros yogas porque comienza con la Auto Realizaci\u00f3n, en lugar de ser este el sue\u00f1o inalcanzable de un lejano objetivo. Su Santidad Shri Mataji Nirmala Devi hace esto posible, ya que por haber nacido Auto Realizada, Ella es capaz de transmitir Su don de Divina Revelaci\u00f3n a otros. Ella obtiene infinita sabidur\u00eda, amor y poder por estar conectada con la principal fuente de alimentaci\u00f3n del Origen de la Vida en S\u00ed Misma, mientras que todos los dem\u00e1s deben depender del potencial lamentablemente insuficiente que est\u00e1 contenido en sus propias bater\u00edas personales.<\/span><\/p>\n<p>La Realizaci\u00f3n espont\u00e1nea de los misterios Divinos es la primera de las tres diferencias fundamentales entre Sahaja Yoga y otros senderos del Yoga. La Auto Realizaci\u00f3n es la llave que abre la barrera invisible que bloquea a la energ\u00eda vital Kundalini, y esto hace totalmente innecesarias las t\u00e9cnicas de purificaci\u00f3n del kriya y las asanas del hatha yoga porque este trabajo ya est\u00e1 completado. Debido a que la Gracia Divina resplandece desde el principio, el ego no se desarrolla en sus buscadores, por lo tanto el mayor obst\u00e1culo para su logro nunca emerge en su conciencia. Esto destruye todo sentido de separaci\u00f3n y as\u00ed los iluminados se funden juntos en un mar de amor.<\/p>\n<p>Finalmente, la Madre Shri Mataji, a diferencia de otros gurus, abre Su coraz\u00f3n a todos los que buscan Su Gracia y no rechaza a nadie, cualesquiera que sean sus pecados y defectos.<\/p>\n<p>Este libro forma la base de trabajo simple de Sahaja Yoga y, aunque algunas de sus ense\u00f1anzas puedan parecer poco ortodoxas para los est\u00e1ndares usuales de yoga, en la pr\u00e1ctica se descubrir\u00e1 que funcionan efectivamente muy bien.<\/p>\n","protected":false},"excerpt":{"rendered":"<p>Sahaja Yoga es diferente de los otros yogas porque comienza con la Auto Realizaci\u00f3n, en lugar de ser este el sue\u00f1o inalcanzable de un lejano objetivo. Su Santidad Shri Mataji Nirmala Devi hace esto posible, ya que por haber nacido Auto Realizada, Ella es capaz de transmitir Su don de Divina Revelaci\u00f3n a otros. Ella [&hellip;]<\/p>\n","protected":false},"author":9,"featured_media":0,"parent":0,"menu_order":0,"comment_status":"closed","ping_status":"closed","template":"","meta":{"ngg_post_thumbnail":0,"footnotes":""},"class_list":["post-5","page","type-page","status-publish","hentry"],"_links":{"self":[{"href":"https:\/\/www.sahajayoga.com.au\/esbookone\/wp-json\/wp\/v2\/pages\/5","targetHints":{"allow":["GET"]}}],"collection":[{"href":"https:\/\/www.sahajayoga.com.au\/esbookone\/wp-json\/wp\/v2\/pages"}],"about":[{"href":"https:\/\/www.sahajayoga.com.au\/esbookone\/wp-json\/wp\/v2\/types\/page"}],"author":[{"embeddable":true,"href":"https:\/\/www.sahajayoga.com.au\/esbookone\/wp-json\/wp\/v2\/users\/9"}],"replies":[{"embeddable":true,"href":"https:\/\/www.sahajayoga.com.au\/esbookone\/wp-json\/wp\/v2\/comments?post=5"}],"version-history":[{"count":0,"href":"https:\/\/www.sahajayoga.com.au\/esbookone\/wp-json\/wp\/v2\/pages\/5\/revisions"}],"wp:attachment":[{"href":"https:\/\/www.sahajayoga.com.au\/esbookone\/wp-json\/wp\/v2\/media?parent=5"}],"curies":[{"name":"wp","href":"https:\/\/api.w.org\/{rel}","templated":true}]}}