{"id":6,"date":"2007-12-21T16:41:12","date_gmt":"2007-12-22T00:41:12","guid":{"rendered":"http:\/\/www.es.sahajayoga.com.au\/book_one\/?page_id=3"},"modified":"2007-12-21T16:41:12","modified_gmt":"2007-12-22T00:41:12","slug":"capitulo-1-sahaja-yoga","status":"publish","type":"page","link":"https:\/\/www.sahajayoga.com.au\/esbookone\/capitulo-1-sahaja-yoga\/","title":{"rendered":"Cap\u00edtulo 1 &#8211; Sahaja Yoga"},"content":{"rendered":"<p>De una diminuta semilla surge un gran \u00e1rbol. En la primavera este florece y en verano, las flores se convierten en frutos. Nuestro propio renacimiento espiritual es tan simple y natural como este proceso. Dentro de todos nosotros hay una semilla, el conocimiento residual de uno mismo llamado Kundalini.<\/p>\n<p>Cuando el aliento de amor divino da vida a esta semilla, nos encontramos renaciendo en la dimensi\u00f3n del esp\u00edritu, descubrimos el \u00e1rbol de la vida que reside dentro de nosotros, sentimos el aliento divino como una vibraci\u00f3n que lo cubre todo. Como flores, sentimos nuestra propia fragancia. Maduramos, como frutos, hacia la totalidad.<\/p>\n<p>Hemos evolucionado desde nuestros or\u00edgenes de materia primitiva, hasta la etapa donde podemos elaborar complejas teor\u00edas sobre la naturaleza de la evoluci\u00f3n y la existencia. Pero, m\u00e1s all\u00e1 de nuestro an\u00e1lisis, \u00bfnos damos cuenta que la evoluci\u00f3n sigue siendo un proceso viviente, silenciosa y continuamente trabajando hacia nuestra definitiva plenitud? \u00bfO en nuestra propia arrogancia nos vemos ahora en el pin\u00e1culo del desarrollo humano, preocupados por trabajar s\u00f3lo por dinero, sin ninguna meta superior?<\/p>\n<p>Un viaje implica una llegada. Si esto es as\u00ed, \u00bfd\u00f3nde estamos hoy? \u00bfEs \u00e9sta la nueva Jerusal\u00e9n? \u00bfC\u00f3mo puede ser? Si el plan de Dios es establecer Su reino en esta tierra y en nuestros corazones, entonces parece que todav\u00eda tenemos un camino que recorrer. Vivimos en un mundo de sufrimiento y confusi\u00f3n, esclavos de la materia y la propia conveniencia, nuestro sentido de la moral ha sido destrozado. Durante siglos, hemos luchado por una soluci\u00f3n exterior, lo suficiente tal vez para darnos cuenta de que la soluci\u00f3n debe estar dentro de nosotros, con la transformaci\u00f3n del individuo.<\/p>\n<p>Mucha gente hoy est\u00e1 experimentando esta transformaci\u00f3n, evolucionando hacia la conciencia del Esp\u00edritu, observando dentro de cada uno la chispa vital que los conecta con el absoluto, mirando c\u00f3mo el miedo y la confusi\u00f3n del mundo relativo se caen, como el viejo capullo de la reci\u00e9n nacida mariposa.<\/p>\n<p>En el pasado, han habido muchos hombres y mujeres destacados que han tratado de elevar la conciencia del hombre hasta el nivel donde \u00e9l pueda conocerse a s\u00ed mismo, y los hombres han usado sus ense\u00f1anzas para engendrar bandos e hipocres\u00eda. La sencillez de la melod\u00eda original era demasiado simple para sus o\u00eddos.<\/p>\n<p>Hoy, otra persona est\u00e1 propagando el mensaje universal del amor divino, integrando la m\u00fasica de los cantantes pasados dentro de una nueva armon\u00eda. Su audiencia tiene un o\u00eddo m\u00e1s comprensivo. Ellos participan como instrumentos en Su canci\u00f3n. A trav\u00e9s de la Realizaci\u00f3n que Ella manifiesta, est\u00e1n experimentando el conocimiento de s\u00ed mismos por primera vez, y est\u00e1n viendo el \u201cser\u201d en los otros.<br \/>\nSu Santidad Shri Mataji Nirmala Devi abri\u00f3 la puerta hacia la conciencia colectiva, el \u00faltimo salto de la evoluci\u00f3n, donde el hombre encuentra la uni\u00f3n con s\u00ed mismo y con su fuente.<\/p>\n<p>Yoga significa uni\u00f3n; uni\u00f3n con algo m\u00e1s all\u00e1 de nosotros mismos, con algo esencialmente divino. Sahaja significa espont\u00e1neo y tambi\u00e9n significa \u201cnacido con uno\u201d. Entonces al decir Sahaja Yoga queremos decir que los medios para la uni\u00f3n espont\u00e1nea con el Divino nacieron dentro de nosotros. Para obtener esta uni\u00f3n, todo lo que hacemos es pedir por ella y dejar que suceda. No la podemos alcanzar con ning\u00fan esfuerzo, es algo espont\u00e1neo, sucede autom\u00e1ticamente. Es dado como un regalo.<\/p>\n<p>Antes de la Realizaci\u00f3n, la Kundalini existe dentro de nosotros en estado latente, enroscada dentro del hueso triangular (sacro) en la base de nuestra espina dorsal. Cuando es despertada, sube a trav\u00e9s del canal sutil en la espina dorsal, atraviesa nuestro hueso de la fontanela (Bramharandhra) y sigue fluyendo. Aqu\u00ed en el chakra m\u00e1s alto, el Sahasrara con los mil p\u00e9talos de loto, es el punto del Yoga, donde la conciencia individual se une al poder todo-penetrante de la conciencia colectiva. Al mismo tiempo, la Kundalini despierta el Esp\u00edritu que reside en el coraz\u00f3n, donde comienza a pulsar. El pensamiento cesa a medida que la Kundalini atraviesa el centro de energ\u00eda llamando Agnya en el cerebro. El Esp\u00edritu, que ahora est\u00e1 despierto dentro de nosotros, se manifiesta a s\u00ed mismo como un flujo fresco de vibraciones, movi\u00e9ndose a trav\u00e9s de las manos y sobre nuestra cabeza y se siente como una brisa fresca. Comenzamos a sentir diferentes sensaciones en los dedos, ya que es aqu\u00ed donde la Kundalini nos se\u00f1aliza el estado de los diversos centros de energ\u00eda (chakras) dentro de nosotros. A este estado lo llamamos \u201cconciencia vibratoria\u201d, en el que en realidad sentimos el Ser, que se manifiesta a s\u00ed mismo, a trav\u00e9s de las vibraciones, por el sistema nervioso central. Debido a que el Ser, que es el Esp\u00edritu, la esencia de nuestro existir, ahora entra en nuestra conciencia, es tambi\u00e9n llamado Auto-Realizaci\u00f3n. Todo el proceso comienza cuando S.S. Shri Mataji despierta la Kundalini. La misma se eleva autom\u00e1ticamente cuando es tocada por las vibraciones que emanan de Su Ser, y nos llena con una sensaci\u00f3n de paz y tranquilidad, al tiempo que es guiada bajo Su cuidado y habilidad. Como Ella dice frecuentemente con Su humor caracter\u00edstico, \u201cLa Kundalini es Mi trabajo. Si Yo conozco este trabajo, \u00bfpor qu\u00e9 deber\u00edan preocuparse? Ustedes conocen otros trabajos, Yo conozco este&#8230;\u201d<\/p>\n<p>S.S. Shri Mataji ha estado ense\u00f1ando Sahaja Yoga y compartiendo la experiencia de la Auto-Realizaci\u00f3n desde 1970. Ella naci\u00f3 el 21 de Marzo de 1923 en Chindawara, una peque\u00f1a colina cerca de Nagpur en el coraz\u00f3n de India. Hoy en d\u00eda, Ella est\u00e1 casada con un diplom\u00e1tico de las Naciones Unidas, tiene 2 hijas y 4 nietos. Si bien naci\u00f3 en una familia cristiana, Ella ha abarcado la verdad de todas las religiones en Sus ense\u00f1anzas universales.<\/p>\n<p>Pese a Sus indudables poderes y profundo conocimiento espiritual, S.S. Shri Mataji se mantiene como una persona de extraordinaria humildad, una fuente de sabidur\u00eda y sentido com\u00fan, risa y encanto. Una personalidad con tantas facetas como un cristal brillante, Ella es aun en esencia, Una con el Esp\u00edritu de Sus ense\u00f1anzas; la luz pura de amor que brilla en el coraz\u00f3n de ese cristal.<\/p>\n<p>El 5 de Mayo de 1970 Ella presenci\u00f3 la apertura del Sahasrara chakra del Virata. El Virata es el Ser universal, el aspecto manifestado de Dios del cual estamos hechos. Cada apertura anuncia una nueva etapa en nuestra evoluci\u00f3n, como as\u00ed tambi\u00e9n crea el mismo potencial dentro de nosotros. El \u00faltimo chakra que hab\u00eda sido abierto previamente fue el Agnya, que fue abierto con la resurrecci\u00f3n de Cristo. Con la apertura del Sahasrara, S.S. Shri Mataji supo que era tiempo de que el hombre avanzara hacia su estaci\u00f3n de destino, hacia la gloria del reino de Dios.<\/p>\n","protected":false},"excerpt":{"rendered":"<p>De una diminuta semilla surge un gran \u00e1rbol. En la primavera este florece y en verano, las flores se convierten en frutos. Nuestro propio renacimiento espiritual es tan simple y natural como este proceso. Dentro de todos nosotros hay una semilla, el conocimiento residual de uno mismo llamado Kundalini. Cuando el aliento de amor divino [&hellip;]<\/p>\n","protected":false},"author":9,"featured_media":0,"parent":0,"menu_order":10,"comment_status":"closed","ping_status":"closed","template":"","meta":{"ngg_post_thumbnail":0,"footnotes":""},"class_list":["post-6","page","type-page","status-publish","hentry"],"_links":{"self":[{"href":"https:\/\/www.sahajayoga.com.au\/esbookone\/wp-json\/wp\/v2\/pages\/6","targetHints":{"allow":["GET"]}}],"collection":[{"href":"https:\/\/www.sahajayoga.com.au\/esbookone\/wp-json\/wp\/v2\/pages"}],"about":[{"href":"https:\/\/www.sahajayoga.com.au\/esbookone\/wp-json\/wp\/v2\/types\/page"}],"author":[{"embeddable":true,"href":"https:\/\/www.sahajayoga.com.au\/esbookone\/wp-json\/wp\/v2\/users\/9"}],"replies":[{"embeddable":true,"href":"https:\/\/www.sahajayoga.com.au\/esbookone\/wp-json\/wp\/v2\/comments?post=6"}],"version-history":[{"count":0,"href":"https:\/\/www.sahajayoga.com.au\/esbookone\/wp-json\/wp\/v2\/pages\/6\/revisions"}],"wp:attachment":[{"href":"https:\/\/www.sahajayoga.com.au\/esbookone\/wp-json\/wp\/v2\/media?parent=6"}],"curies":[{"name":"wp","href":"https:\/\/api.w.org\/{rel}","templated":true}]}}