{"id":9,"date":"2007-12-21T17:21:01","date_gmt":"2007-12-22T01:21:01","guid":{"rendered":"http:\/\/www.es.sahajayoga.com.au\/book_one\/capitulo-3-el-instrumento\/"},"modified":"2007-12-21T17:21:01","modified_gmt":"2007-12-22T01:21:01","slug":"capitulo-3-el-instrumento","status":"publish","type":"page","link":"https:\/\/www.sahajayoga.com.au\/esbookone\/capitulo-3-el-instrumento\/","title":{"rendered":"Cap\u00edtulo 3 &#8211; El instrumento"},"content":{"rendered":"<p style=\"text-align: justify\"><a href=\"http:\/\/www.sahajayoga.com.au\/esbookone\/wp-content\/uploads\/sites\/7\/2007\/12\/subtle.jpg\" title=\"subtle.JPG\"><img decoding=\"async\" class=\"noborder\" src=\"http:\/\/www.sahajayoga.com.au\/esbookone\/wp-content\/uploads\/sites\/7\/2007\/12\/subtle.jpg\" alt=\"Subtle system in Sahaja Yoga\" align=\"left\" vspace=\"10\" \/><\/a><span lang=\"ES\">El instrumento de nuestra iluminaci\u00f3n est\u00e1 montado sobre una estructura de tres canales principales o nadis (mostrados en la figura en n\u00fameros romanos). Esos canales sutiles est\u00e1n dentro de la espina dorsal y se expresan en el sistema nervioso aut\u00f3nomo que<span>  <\/span>comprende los sistemas nerviosos simp\u00e1ticos izquierdo y derecho y el sistema nervioso parasimp\u00e1tico central. El sistema nervioso central representa el conocimiento que hemos alcanzado en nuestra evoluci\u00f3n hacia la conciencia humana. Sahaja Yoga ilumina ahora el sistema nervioso central con la conciencia de nuestro Esp\u00edritu. De esta manera, a trav\u00e9s de este sistema podemos realmente sentir nuestro Esp\u00edritu manifestarse a s\u00ed mismo como vibraciones. <\/span><\/p>\n<p style=\"text-align: justify\"><span lang=\"ES\">Los tres canales sutiles llamados Ida, Pingala y Sushumna est\u00e1n ubicados en una sucesi\u00f3n de centros de energ\u00eda llamados chakras (1-7). Estos chakras gobiernan todos los aspectos de nuestro ser y proveen energ\u00eda para todas nuestras necesidades y funciones. Estamos hechos verdaderamente como dice la Biblia, a imagen de Dios. <\/span><\/p>\n<p style=\"text-align: justify\"><span lang=\"ES\">La Kundalini reside en la base del instrumento enrollada en tres vueltas y media (\u2018kundala\u2019 significa \u2018espiral\u2019) en el Mooladhara, que est\u00e1 dentro del hueso triangular en la base de la espina dorsal. Cuando se despierta, la Kundalini se puede observar pulsando dentro de este hueso, el sacro, y tambi\u00e9n mientras sube por la columna vertebral.<\/span><\/p>\n<p style=\"text-align: justify\"><span lang=\"ES\">Esta energ\u00eda divina es la fuerza motriz de nuestra iluminaci\u00f3n, llevando nuestra atenci\u00f3n al nivel m\u00e1s alto de Realizaci\u00f3n. Ella graba y guarda cada detalle de nuestra existencia previa como nuestro propio archivo innato. Ella tiene Su propia inteligencia suprema y trabaja para ti de la mejor manera posible, con un cuidado extremadamente amoroso.<\/span><\/p>\n<p style=\"text-align: justify\"><span lang=\"ES\">A menudo se dice que el despertar de la Kundalini es muy peligroso, acompa\u00f1ado por tremendo calor y dolor. Tal es el descubrimiento de aquellos que lo han experimentado de una manera imprudentemente ingenua o no autorizada, y particularmente cuando han tratado de asociar Su despertar con el sexo. En esos casos, el chakra que guarda la inocencia de la Kundalini, el Mooladhara chakra, act\u00faa en contra de esta violaci\u00f3n generando olas de calor. El confundido pionero puede incluso experimentar ataques donde pierde el control de su cuerpo y su mente. Puede saltar y aullar sin motivo aparente.<span>  <\/span>Puede experimentar alucinaciones. En la felicidad de su ignorancia, asocia las se\u00f1ales de advertencia con el mismo despertar de la Kundalini y cree haber vivido una profunda experiencia de iluminaci\u00f3n. <\/span><\/p>\n<p style=\"text-align: justify\"><span lang=\"ES\">La cara de tal persona muestra toda la angustia que est\u00e1 viviendo. Despu\u00e9s de la Auto-Realizaci\u00f3n genuina la cara se vuelve radiante. Te ves m\u00e1s joven, el cuerpo se vuelve m\u00e1s activo y mejor proporcionado. Toda la personalidad se vuelve hermosa y magn\u00e9tica. Como las prioridades cambian, asum\u00eds una actitud digna y gloriosa hacia la vida.<\/span><\/p>\n<p style=\"text-align: justify\"><span lang=\"ES\">La Kundalini es absolutamente pura. Nos conoce por dentro y por fuera y s\u00f3lo sube en aquellos cuyo deseo es ba\u00f1arse en la misma pureza. Es cierto que Su primer despertar puede ser muy dram\u00e1tico; la gente ha sentido la coronilla de sus cabezas derriti\u00e9ndose como el hielo y una ola tras otra de vibraciones frescas inundando su ser, sus corazones desbordar de gozo. Pero cuando el instrumento est\u00e1 muy limpio, como en los ni\u00f1os, poco es lo que se siente, ellos tan s\u00f3lo se vuelven esa dicha y pureza. Y donde hay obstrucciones la Kundalini es gentil y tranquilizadora. Puedes sentir algo de calor u hormigueo, pero s\u00f3lo lo justo para indicar el problema. Como S.S. Shri Mataji dice, \u201cElla es tu madre amorosa. T\u00fa eres su \u00fanico hijo. \u00bfAcaso ella te har\u00eda da\u00f1o o te quemar\u00eda? Ella tan s\u00f3lo indica.\u201d<\/span><\/p>\n<p style=\"text-align: justify\"><span lang=\"ES\">La Kundalini es un poder curativo. Como consecuencia de nuestra Realizaci\u00f3n (yoga), recibimos nuestro bienestar (kshema) y somos capaces, con Su ayuda, de establecerla en otros. La mayor\u00eda de las enfermedades son el resultado del da\u00f1o de los chakras. La Kundalini los repara naturalmente, desde el interior. Y a pesar que los frutos de Su maravillosa industria silenciosa son bastante milagrosos, no hay insinuaci\u00f3n de curas milagrosas en Sahaja Yoga. Desconocida a muchos como sea, la Kundalini es una fuerza natural y es Su naturaleza la de reparar lo que est\u00e9 roto y volverlo a unir al todo.<\/span><\/p>\n<p class=\"MsoNormal\" style=\"text-align: justify\"><span lang=\"ES\">Las enfermedades ocurren cuando las cualidades sutiles de los chakras son descuidadas o negadas. Entonces dicho chakra se vuelve defectuoso. Tambi\u00e9n pueden ocurrir en casos de emergencia para un chakra particular, una conmoci\u00f3n por ejemplo, o una ca\u00edda o una severa aflicci\u00f3n emocional. En tales casos, el sistema nervioso simp\u00e1tico pone grandes demandas sobre los chakras. Cuando semejante sobre actividad agota un chakra por completo, esa parte del cuerpo que est\u00e1 bajo el control de ese chakra no est\u00e1 m\u00e1s conectada con el camino central que la une con el todo. Las c\u00e9lulas de esa \u00e1rea trabajan ahora por su cuenta. En la ausencia del control supremo del agente organizador, el crecimiento de las c\u00e9lulas se vuelve maligno y se recrean a s\u00ed mismas aleatoriamente, sin proporci\u00f3n con el todo. Ahora podemos comprender por qu\u00e9 el c\u00e1ncer se desarrolla y por qu\u00e9 el c\u00e1ncer s\u00f3lo puede ser curado a trav\u00e9s de Sahaja Yoga. S\u00f3lo despertando el chakra da\u00f1ado, a trav\u00e9s del poder curativo de la Kundalini, \u00e9ste puede volver a un estado saludable y poner nuevamente las desenfrenadas c\u00e9lulas bajo control.<\/span><\/p>\n<p style=\"text-align: justify\"><span lang=\"ES\">Primero encontramos el chakra afectado a trav\u00e9s de la conciencia vibratoria; podemos sentir todos nuestros chakras en la yema de nuestros dedos. Despu\u00e9s seguimos los pasos necesarios, dirigiendo la Kundalini a los centros relevantes, dando vibraciones al \u00e1rea afectada,<\/span><span style=\"font-size: 9pt\" lang=\"ES\"> <\/span><span lang=\"ES\">etc\u00e9tera. Con la ayuda de la Kundalini, despertando, dirigiendo y equilibrando la energ\u00eda, la mayor\u00eda de las enfermedades pueden ser curadas, de una vez y para siempre.<\/span><\/p>\n<p class=\"MsoNormal\" style=\"text-align: justify\"><span lang=\"ES\">Ella es el poder que te otorga todas estas bendiciones y su poder en ti est\u00e1 relacionado directamente con tu puro deseo por Ella. S.S. Shri Mataji dice, \u201cLa Kundalini es el deseo de Dios. No es el deseo por Dios, es el deseo de Dios mismo dentro de uno. As\u00ed que s\u00f3lo puede ser despertado por el mismo deseo. Es el deseo de Dios dentro de ustedes que est\u00e1 llev\u00e1ndose a cabo, y el deseo de Dios es la Shakti. Y el deseo de Dios es el de amarlos.\u201d As\u00ed que no te condenes ni te destruyas a ti mismo o a otros. Mantente en el centro (moderaci\u00f3n) y respeta tu sustento (dharma). El deseo de Dios es de otorgarte Su Reino. El<span>  <\/span>tendr\u00e1 que hacer este trabajo si quiere dar un significado a Su creaci\u00f3n. Todo lo que tienes que hacer es no arruinar tu ser con un comportamiento extremo.\u201d<\/span><\/p>\n","protected":false},"excerpt":{"rendered":"<p>El instrumento de nuestra iluminaci\u00f3n est\u00e1 montado sobre una estructura de tres canales principales o nadis (mostrados en la figura en n\u00fameros romanos). Esos canales sutiles est\u00e1n dentro de la espina dorsal y se expresan en el sistema nervioso aut\u00f3nomo que comprende los sistemas nerviosos simp\u00e1ticos izquierdo y derecho y el sistema nervioso parasimp\u00e1tico central. [&hellip;]<\/p>\n","protected":false},"author":9,"featured_media":0,"parent":0,"menu_order":30,"comment_status":"closed","ping_status":"closed","template":"","meta":{"ngg_post_thumbnail":0,"footnotes":""},"class_list":["post-9","page","type-page","status-publish","hentry"],"_links":{"self":[{"href":"https:\/\/www.sahajayoga.com.au\/esbookone\/wp-json\/wp\/v2\/pages\/9","targetHints":{"allow":["GET"]}}],"collection":[{"href":"https:\/\/www.sahajayoga.com.au\/esbookone\/wp-json\/wp\/v2\/pages"}],"about":[{"href":"https:\/\/www.sahajayoga.com.au\/esbookone\/wp-json\/wp\/v2\/types\/page"}],"author":[{"embeddable":true,"href":"https:\/\/www.sahajayoga.com.au\/esbookone\/wp-json\/wp\/v2\/users\/9"}],"replies":[{"embeddable":true,"href":"https:\/\/www.sahajayoga.com.au\/esbookone\/wp-json\/wp\/v2\/comments?post=9"}],"version-history":[{"count":0,"href":"https:\/\/www.sahajayoga.com.au\/esbookone\/wp-json\/wp\/v2\/pages\/9\/revisions"}],"wp:attachment":[{"href":"https:\/\/www.sahajayoga.com.au\/esbookone\/wp-json\/wp\/v2\/media?parent=9"}],"curies":[{"name":"wp","href":"https:\/\/api.w.org\/{rel}","templated":true}]}}